{"id":25919,"date":"2021-03-22T15:07:19","date_gmt":"2021-03-22T14:07:19","guid":{"rendered":"https:\/\/scf-5-sci-2025.hipdev.pro\/broschuere-zum-cyber-security-specialist-kurs\/"},"modified":"2025-01-07T11:15:15","modified_gmt":"2025-01-07T10:15:15","slug":"broschuere-zum-cyber-security-specialist-kurs","status":"publish","type":"page","link":"https:\/\/scf-5-sci-2025.hipdev.pro\/de\/cyber-security-specialist\/broschuere-zum-cyber-security-specialist-kurs\/","title":{"rendered":"Brosch\u00fcre zum Cyber Security Specialist Kurs"},"content":{"rendered":"","protected":false},"excerpt":{"rendered":"","protected":false},"author":189,"featured_media":0,"parent":26477,"menu_order":0,"comment_status":"closed","ping_status":"closed","template":"","meta":{"_acf_changed":false,"content-type":"","inline_featured_image":false,"footnotes":""},"class_list":["post-25919","page","type-page","status-publish","hentry"],"acf":[],"yoast_head":"<!-- This site is optimized with the Yoast SEO Premium plugin v25.4 (Yoast SEO v27.4) - https:\/\/yoast.com\/product\/yoast-seo-premium-wordpress\/ -->\n<title>Brosch\u00fcre zum Cyber Security Specialist Kurs - Swiss Cyber Institute<\/title>\n<meta name=\"description\" content=\"Laden Sie die Broch\u00fcre zum Cyber Security Specialist herunter. Erfahren Sie alle Details \u00fcber den Lehrgang, die eidgen\u00f6ssische Pr\u00fcfung, die Stellenangebote, die Kosten und die Dauer.\" \/>\n<meta name=\"robots\" content=\"index, follow, max-snippet:-1, max-image-preview:large, max-video-preview:-1\" \/>\n<link rel=\"canonical\" href=\"https:\/\/scf-5-sci-2025.hipdev.pro\/de\/cyber-security-specialist\/broschuere-zum-cyber-security-specialist-kurs\/\" \/>\n<meta property=\"og:locale\" content=\"de_DE\" \/>\n<meta property=\"og:type\" content=\"article\" \/>\n<meta property=\"og:title\" content=\"Brosch\u00fcre zum Cyber Security Specialist Kurs\" \/>\n<meta property=\"og:description\" content=\"Laden Sie die Broch\u00fcre zum Cyber Security Specialist herunter. Erfahren Sie alle Details \u00fcber den Lehrgang, die eidgen\u00f6ssische Pr\u00fcfung, die Stellenangebote, die Kosten und die Dauer.\" \/>\n<meta property=\"og:url\" content=\"https:\/\/scf-5-sci-2025.hipdev.pro\/de\/cyber-security-specialist\/broschuere-zum-cyber-security-specialist-kurs\/\" \/>\n<meta property=\"og:site_name\" content=\"Swiss Cyber Institute\" \/>\n<meta property=\"article:publisher\" content=\"https:\/\/www.facebook.com\/swisscyberinstitute\/\" \/>\n<meta property=\"article:modified_time\" content=\"2025-01-07T10:15:15+00:00\" \/>\n<meta name=\"twitter:card\" content=\"summary_large_image\" \/>\n<meta name=\"twitter:site\" content=\"@swisscyberinst\" \/>\n<script type=\"application\/ld+json\" class=\"yoast-schema-graph\">{\"@context\":\"https:\\\/\\\/schema.org\",\"@graph\":[{\"@type\":\"WebPage\",\"@id\":\"https:\\\/\\\/scf-5-sci-2025.hipdev.pro\\\/de\\\/cyber-security-specialist\\\/broschuere-zum-cyber-security-specialist-kurs\\\/\",\"url\":\"https:\\\/\\\/scf-5-sci-2025.hipdev.pro\\\/de\\\/cyber-security-specialist\\\/broschuere-zum-cyber-security-specialist-kurs\\\/\",\"name\":\"Brosch\u00fcre zum Cyber Security Specialist Kurs - Swiss Cyber Institute\",\"isPartOf\":{\"@id\":\"https:\\\/\\\/scf-5-sci-2025.hipdev.pro\\\/de\\\/#website\"},\"datePublished\":\"2021-03-22T14:07:19+00:00\",\"dateModified\":\"2025-01-07T10:15:15+00:00\",\"description\":\"Laden Sie die Broch\u00fcre zum Cyber Security Specialist herunter. Erfahren Sie alle Details \u00fcber den Lehrgang, die eidgen\u00f6ssische Pr\u00fcfung, die Stellenangebote, die Kosten und die Dauer.\",\"breadcrumb\":{\"@id\":\"https:\\\/\\\/scf-5-sci-2025.hipdev.pro\\\/de\\\/cyber-security-specialist\\\/broschuere-zum-cyber-security-specialist-kurs\\\/#breadcrumb\"},\"inLanguage\":\"de\",\"potentialAction\":[{\"@type\":\"ReadAction\",\"target\":[\"https:\\\/\\\/scf-5-sci-2025.hipdev.pro\\\/de\\\/cyber-security-specialist\\\/broschuere-zum-cyber-security-specialist-kurs\\\/\"]}]},{\"@type\":\"BreadcrumbList\",\"@id\":\"https:\\\/\\\/scf-5-sci-2025.hipdev.pro\\\/de\\\/cyber-security-specialist\\\/broschuere-zum-cyber-security-specialist-kurs\\\/#breadcrumb\",\"itemListElement\":[{\"@type\":\"ListItem\",\"position\":1,\"name\":\"Home\",\"item\":\"https:\\\/\\\/scf-5-sci-2025.hipdev.pro\\\/de\\\/\"},{\"@type\":\"ListItem\",\"position\":2,\"name\":\"Cyber Security Specialist mit eidg. Fachausweis\",\"item\":\"https:\\\/\\\/scf-5-sci-2025.hipdev.pro\\\/de\\\/cybersecurity-specialist-training\\\/\"},{\"@type\":\"ListItem\",\"position\":3,\"name\":\"Brosch\u00fcre zum Cyber Security Specialist Kurs\"}]},{\"@type\":\"WebSite\",\"@id\":\"https:\\\/\\\/scf-5-sci-2025.hipdev.pro\\\/de\\\/#website\",\"url\":\"https:\\\/\\\/scf-5-sci-2025.hipdev.pro\\\/de\\\/\",\"name\":\"Swiss Cyber Institute\",\"description\":\"Cybersecurity and AI education center\",\"publisher\":{\"@id\":\"https:\\\/\\\/scf-5-sci-2025.hipdev.pro\\\/de\\\/#organization\"},\"potentialAction\":[{\"@type\":\"SearchAction\",\"target\":{\"@type\":\"EntryPoint\",\"urlTemplate\":\"https:\\\/\\\/scf-5-sci-2025.hipdev.pro\\\/de\\\/?s={search_term_string}\"},\"query-input\":{\"@type\":\"PropertyValueSpecification\",\"valueRequired\":true,\"valueName\":\"search_term_string\"}}],\"inLanguage\":\"de\"},{\"@type\":\"Organization\",\"@id\":\"https:\\\/\\\/scf-5-sci-2025.hipdev.pro\\\/de\\\/#organization\",\"name\":\"Swiss Cyber Institute\",\"url\":\"https:\\\/\\\/scf-5-sci-2025.hipdev.pro\\\/de\\\/\",\"logo\":{\"@type\":\"ImageObject\",\"inLanguage\":\"de\",\"@id\":\"https:\\\/\\\/scf-5-sci-2025.hipdev.pro\\\/de\\\/#\\\/schema\\\/logo\\\/image\\\/\",\"url\":\"https:\\\/\\\/scf-5-sci-2025.hipdev.pro\\\/wp-content\\\/uploads\\\/2020\\\/01\\\/Favicon-PNG.png\",\"contentUrl\":\"https:\\\/\\\/scf-5-sci-2025.hipdev.pro\\\/wp-content\\\/uploads\\\/2020\\\/01\\\/Favicon-PNG.png\",\"width\":500,\"height\":500,\"caption\":\"Swiss Cyber Institute\"},\"image\":{\"@id\":\"https:\\\/\\\/scf-5-sci-2025.hipdev.pro\\\/de\\\/#\\\/schema\\\/logo\\\/image\\\/\"},\"sameAs\":[\"https:\\\/\\\/www.facebook.com\\\/swisscyberinstitute\\\/\",\"https:\\\/\\\/x.com\\\/swisscyberinst\"]}]}<\/script>\n<!-- \/ Yoast SEO Premium plugin. -->","yoast_head_json":{"title":"Brosch\u00fcre zum Cyber Security Specialist Kurs - Swiss Cyber Institute","description":"Laden Sie die Broch\u00fcre zum Cyber Security Specialist herunter. Erfahren Sie alle Details \u00fcber den Lehrgang, die eidgen\u00f6ssische Pr\u00fcfung, die Stellenangebote, die Kosten und die Dauer.","robots":{"index":"index","follow":"follow","max-snippet":"max-snippet:-1","max-image-preview":"max-image-preview:large","max-video-preview":"max-video-preview:-1"},"canonical":"https:\/\/scf-5-sci-2025.hipdev.pro\/de\/cyber-security-specialist\/broschuere-zum-cyber-security-specialist-kurs\/","og_locale":"de_DE","og_type":"article","og_title":"Brosch\u00fcre zum Cyber Security Specialist Kurs","og_description":"Laden Sie die Broch\u00fcre zum Cyber Security Specialist herunter. Erfahren Sie alle Details \u00fcber den Lehrgang, die eidgen\u00f6ssische Pr\u00fcfung, die Stellenangebote, die Kosten und die Dauer.","og_url":"https:\/\/scf-5-sci-2025.hipdev.pro\/de\/cyber-security-specialist\/broschuere-zum-cyber-security-specialist-kurs\/","og_site_name":"Swiss Cyber Institute","article_publisher":"https:\/\/www.facebook.com\/swisscyberinstitute\/","article_modified_time":"2025-01-07T10:15:15+00:00","twitter_card":"summary_large_image","twitter_site":"@swisscyberinst","schema":{"@context":"https:\/\/schema.org","@graph":[{"@type":"WebPage","@id":"https:\/\/scf-5-sci-2025.hipdev.pro\/de\/cyber-security-specialist\/broschuere-zum-cyber-security-specialist-kurs\/","url":"https:\/\/scf-5-sci-2025.hipdev.pro\/de\/cyber-security-specialist\/broschuere-zum-cyber-security-specialist-kurs\/","name":"Brosch\u00fcre zum Cyber Security Specialist Kurs - Swiss Cyber Institute","isPartOf":{"@id":"https:\/\/scf-5-sci-2025.hipdev.pro\/de\/#website"},"datePublished":"2021-03-22T14:07:19+00:00","dateModified":"2025-01-07T10:15:15+00:00","description":"Laden Sie die Broch\u00fcre zum Cyber Security Specialist herunter. Erfahren Sie alle Details \u00fcber den Lehrgang, die eidgen\u00f6ssische Pr\u00fcfung, die Stellenangebote, die Kosten und die Dauer.","breadcrumb":{"@id":"https:\/\/scf-5-sci-2025.hipdev.pro\/de\/cyber-security-specialist\/broschuere-zum-cyber-security-specialist-kurs\/#breadcrumb"},"inLanguage":"de","potentialAction":[{"@type":"ReadAction","target":["https:\/\/scf-5-sci-2025.hipdev.pro\/de\/cyber-security-specialist\/broschuere-zum-cyber-security-specialist-kurs\/"]}]},{"@type":"BreadcrumbList","@id":"https:\/\/scf-5-sci-2025.hipdev.pro\/de\/cyber-security-specialist\/broschuere-zum-cyber-security-specialist-kurs\/#breadcrumb","itemListElement":[{"@type":"ListItem","position":1,"name":"Home","item":"https:\/\/scf-5-sci-2025.hipdev.pro\/de\/"},{"@type":"ListItem","position":2,"name":"Cyber Security Specialist mit eidg. Fachausweis","item":"https:\/\/scf-5-sci-2025.hipdev.pro\/de\/cybersecurity-specialist-training\/"},{"@type":"ListItem","position":3,"name":"Brosch\u00fcre zum Cyber Security Specialist Kurs"}]},{"@type":"WebSite","@id":"https:\/\/scf-5-sci-2025.hipdev.pro\/de\/#website","url":"https:\/\/scf-5-sci-2025.hipdev.pro\/de\/","name":"Swiss Cyber Institute","description":"Cybersecurity and AI education center","publisher":{"@id":"https:\/\/scf-5-sci-2025.hipdev.pro\/de\/#organization"},"potentialAction":[{"@type":"SearchAction","target":{"@type":"EntryPoint","urlTemplate":"https:\/\/scf-5-sci-2025.hipdev.pro\/de\/?s={search_term_string}"},"query-input":{"@type":"PropertyValueSpecification","valueRequired":true,"valueName":"search_term_string"}}],"inLanguage":"de"},{"@type":"Organization","@id":"https:\/\/scf-5-sci-2025.hipdev.pro\/de\/#organization","name":"Swiss Cyber Institute","url":"https:\/\/scf-5-sci-2025.hipdev.pro\/de\/","logo":{"@type":"ImageObject","inLanguage":"de","@id":"https:\/\/scf-5-sci-2025.hipdev.pro\/de\/#\/schema\/logo\/image\/","url":"https:\/\/scf-5-sci-2025.hipdev.pro\/wp-content\/uploads\/2020\/01\/Favicon-PNG.png","contentUrl":"https:\/\/scf-5-sci-2025.hipdev.pro\/wp-content\/uploads\/2020\/01\/Favicon-PNG.png","width":500,"height":500,"caption":"Swiss Cyber Institute"},"image":{"@id":"https:\/\/scf-5-sci-2025.hipdev.pro\/de\/#\/schema\/logo\/image\/"},"sameAs":["https:\/\/www.facebook.com\/swisscyberinstitute\/","https:\/\/x.com\/swisscyberinst"]}]}},"_links":{"self":[{"href":"https:\/\/scf-5-sci-2025.hipdev.pro\/de\/wp-json\/wp\/v2\/pages\/25919","targetHints":{"allow":["GET"]}}],"collection":[{"href":"https:\/\/scf-5-sci-2025.hipdev.pro\/de\/wp-json\/wp\/v2\/pages"}],"about":[{"href":"https:\/\/scf-5-sci-2025.hipdev.pro\/de\/wp-json\/wp\/v2\/types\/page"}],"author":[{"embeddable":true,"href":"https:\/\/scf-5-sci-2025.hipdev.pro\/de\/wp-json\/wp\/v2\/users\/189"}],"replies":[{"embeddable":true,"href":"https:\/\/scf-5-sci-2025.hipdev.pro\/de\/wp-json\/wp\/v2\/comments?post=25919"}],"version-history":[{"count":0,"href":"https:\/\/scf-5-sci-2025.hipdev.pro\/de\/wp-json\/wp\/v2\/pages\/25919\/revisions"}],"up":[{"embeddable":true,"href":"https:\/\/scf-5-sci-2025.hipdev.pro\/de\/wp-json\/wp\/v2\/pages\/26477"}],"wp:attachment":[{"href":"https:\/\/scf-5-sci-2025.hipdev.pro\/de\/wp-json\/wp\/v2\/media?parent=25919"}],"curies":[{"name":"wp","href":"https:\/\/api.w.org\/{rel}","templated":true}]}}