{"id":26731,"date":"2025-01-26T12:53:14","date_gmt":"2025-01-26T11:53:14","guid":{"rendered":"https:\/\/scf-5-sci-2025.hipdev.pro\/business-ai-specialist-mit-eidgenoessischem-fachausweis\/business-ai-specialist-kursbroschuere\/"},"modified":"2025-03-20T09:50:16","modified_gmt":"2025-03-20T08:50:16","slug":"business-ai-specialist-kursbroschuere","status":"publish","type":"page","link":"https:\/\/scf-5-sci-2025.hipdev.pro\/de\/business-ai-specialist-mit-eidgenoessischem-fachausweis\/business-ai-specialist-kursbroschuere\/","title":{"rendered":"Kursbrosch\u00fcre f\u00fcr AI Business Specialist"},"content":{"rendered":"","protected":false},"excerpt":{"rendered":"","protected":false},"author":189,"featured_media":0,"parent":26729,"menu_order":0,"comment_status":"closed","ping_status":"closed","template":"","meta":{"_acf_changed":false,"content-type":"","inline_featured_image":false,"footnotes":""},"class_list":["post-26731","page","type-page","status-publish","hentry"],"acf":[],"yoast_head":"<!-- This site is optimized with the Yoast SEO Premium plugin v25.4 (Yoast SEO v27.4) - https:\/\/yoast.com\/product\/yoast-seo-premium-wordpress\/ -->\n<title>Kursbrosch\u00fcre f\u00fcr AI Business Specialist - Swiss Cyber Institute<\/title>\n<meta name=\"description\" content=\"Laden Sie die Broch\u00fcre f\u00fcr AI Business Specialist herunter. Erfahren Sie alle Details \u00fcber den Lehrgang, die eidgen\u00f6ssische Pr\u00fcfung, die Stellenangebote, die Kosten und die Dauer.\" \/>\n<meta name=\"robots\" content=\"index, follow, max-snippet:-1, max-image-preview:large, max-video-preview:-1\" \/>\n<link rel=\"canonical\" href=\"https:\/\/scf-5-sci-2025.hipdev.pro\/de\/business-ai-specialist-mit-eidgenoessischem-fachausweis\/business-ai-specialist-kursbroschuere\/\" \/>\n<meta property=\"og:locale\" content=\"de_DE\" \/>\n<meta property=\"og:type\" content=\"article\" \/>\n<meta property=\"og:title\" content=\"Kursbrosch\u00fcre f\u00fcr AI Business Specialist\" \/>\n<meta property=\"og:description\" content=\"Laden Sie die Broch\u00fcre f\u00fcr AI Business Specialist herunter. Erfahren Sie alle Details \u00fcber den Lehrgang, die eidgen\u00f6ssische Pr\u00fcfung, die Stellenangebote, die Kosten und die Dauer.\" \/>\n<meta property=\"og:url\" content=\"https:\/\/scf-5-sci-2025.hipdev.pro\/de\/business-ai-specialist-mit-eidgenoessischem-fachausweis\/business-ai-specialist-kursbroschuere\/\" \/>\n<meta property=\"og:site_name\" content=\"Swiss Cyber Institute\" \/>\n<meta property=\"article:publisher\" content=\"https:\/\/www.facebook.com\/swisscyberinstitute\/\" \/>\n<meta property=\"article:modified_time\" content=\"2025-03-20T08:50:16+00:00\" \/>\n<meta name=\"twitter:card\" content=\"summary_large_image\" \/>\n<meta name=\"twitter:site\" content=\"@swisscyberinst\" \/>\n<script type=\"application\/ld+json\" class=\"yoast-schema-graph\">{\"@context\":\"https:\\\/\\\/schema.org\",\"@graph\":[{\"@type\":\"WebPage\",\"@id\":\"https:\\\/\\\/scf-5-sci-2025.hipdev.pro\\\/de\\\/business-ai-specialist-mit-eidgenoessischem-fachausweis\\\/business-ai-specialist-kursbroschuere\\\/\",\"url\":\"https:\\\/\\\/scf-5-sci-2025.hipdev.pro\\\/de\\\/business-ai-specialist-mit-eidgenoessischem-fachausweis\\\/business-ai-specialist-kursbroschuere\\\/\",\"name\":\"Kursbrosch\u00fcre f\u00fcr AI Business Specialist - Swiss Cyber Institute\",\"isPartOf\":{\"@id\":\"https:\\\/\\\/scf-5-sci-2025.hipdev.pro\\\/de\\\/#website\"},\"datePublished\":\"2025-01-26T11:53:14+00:00\",\"dateModified\":\"2025-03-20T08:50:16+00:00\",\"description\":\"Laden Sie die Broch\u00fcre f\u00fcr AI Business Specialist herunter. Erfahren Sie alle Details \u00fcber den Lehrgang, die eidgen\u00f6ssische Pr\u00fcfung, die Stellenangebote, die Kosten und die Dauer.\",\"breadcrumb\":{\"@id\":\"https:\\\/\\\/scf-5-sci-2025.hipdev.pro\\\/de\\\/business-ai-specialist-mit-eidgenoessischem-fachausweis\\\/business-ai-specialist-kursbroschuere\\\/#breadcrumb\"},\"inLanguage\":\"de\",\"potentialAction\":[{\"@type\":\"ReadAction\",\"target\":[\"https:\\\/\\\/scf-5-sci-2025.hipdev.pro\\\/de\\\/business-ai-specialist-mit-eidgenoessischem-fachausweis\\\/business-ai-specialist-kursbroschuere\\\/\"]}]},{\"@type\":\"BreadcrumbList\",\"@id\":\"https:\\\/\\\/scf-5-sci-2025.hipdev.pro\\\/de\\\/business-ai-specialist-mit-eidgenoessischem-fachausweis\\\/business-ai-specialist-kursbroschuere\\\/#breadcrumb\",\"itemListElement\":[{\"@type\":\"ListItem\",\"position\":1,\"name\":\"Home\",\"item\":\"https:\\\/\\\/scf-5-sci-2025.hipdev.pro\\\/de\\\/\"},{\"@type\":\"ListItem\",\"position\":2,\"name\":\"AI Business Specialist mit eidgen\u00f6ssischem Fachausweis\",\"item\":\"https:\\\/\\\/scf-5-sci-2025.hipdev.pro\\\/de\\\/ai-business-specialist-training\\\/\"},{\"@type\":\"ListItem\",\"position\":3,\"name\":\"Kursbrosch\u00fcre f\u00fcr AI Business Specialist\"}]},{\"@type\":\"WebSite\",\"@id\":\"https:\\\/\\\/scf-5-sci-2025.hipdev.pro\\\/de\\\/#website\",\"url\":\"https:\\\/\\\/scf-5-sci-2025.hipdev.pro\\\/de\\\/\",\"name\":\"Swiss Cyber Institute\",\"description\":\"Cybersecurity and AI education center\",\"publisher\":{\"@id\":\"https:\\\/\\\/scf-5-sci-2025.hipdev.pro\\\/de\\\/#organization\"},\"potentialAction\":[{\"@type\":\"SearchAction\",\"target\":{\"@type\":\"EntryPoint\",\"urlTemplate\":\"https:\\\/\\\/scf-5-sci-2025.hipdev.pro\\\/de\\\/?s={search_term_string}\"},\"query-input\":{\"@type\":\"PropertyValueSpecification\",\"valueRequired\":true,\"valueName\":\"search_term_string\"}}],\"inLanguage\":\"de\"},{\"@type\":\"Organization\",\"@id\":\"https:\\\/\\\/scf-5-sci-2025.hipdev.pro\\\/de\\\/#organization\",\"name\":\"Swiss Cyber Institute\",\"url\":\"https:\\\/\\\/scf-5-sci-2025.hipdev.pro\\\/de\\\/\",\"logo\":{\"@type\":\"ImageObject\",\"inLanguage\":\"de\",\"@id\":\"https:\\\/\\\/scf-5-sci-2025.hipdev.pro\\\/de\\\/#\\\/schema\\\/logo\\\/image\\\/\",\"url\":\"https:\\\/\\\/scf-5-sci-2025.hipdev.pro\\\/wp-content\\\/uploads\\\/2020\\\/01\\\/Favicon-PNG.png\",\"contentUrl\":\"https:\\\/\\\/scf-5-sci-2025.hipdev.pro\\\/wp-content\\\/uploads\\\/2020\\\/01\\\/Favicon-PNG.png\",\"width\":500,\"height\":500,\"caption\":\"Swiss Cyber Institute\"},\"image\":{\"@id\":\"https:\\\/\\\/scf-5-sci-2025.hipdev.pro\\\/de\\\/#\\\/schema\\\/logo\\\/image\\\/\"},\"sameAs\":[\"https:\\\/\\\/www.facebook.com\\\/swisscyberinstitute\\\/\",\"https:\\\/\\\/x.com\\\/swisscyberinst\"]}]}<\/script>\n<!-- \/ Yoast SEO Premium plugin. -->","yoast_head_json":{"title":"Kursbrosch\u00fcre f\u00fcr AI Business Specialist - Swiss Cyber Institute","description":"Laden Sie die Broch\u00fcre f\u00fcr AI Business Specialist herunter. Erfahren Sie alle Details \u00fcber den Lehrgang, die eidgen\u00f6ssische Pr\u00fcfung, die Stellenangebote, die Kosten und die Dauer.","robots":{"index":"index","follow":"follow","max-snippet":"max-snippet:-1","max-image-preview":"max-image-preview:large","max-video-preview":"max-video-preview:-1"},"canonical":"https:\/\/scf-5-sci-2025.hipdev.pro\/de\/business-ai-specialist-mit-eidgenoessischem-fachausweis\/business-ai-specialist-kursbroschuere\/","og_locale":"de_DE","og_type":"article","og_title":"Kursbrosch\u00fcre f\u00fcr AI Business Specialist","og_description":"Laden Sie die Broch\u00fcre f\u00fcr AI Business Specialist herunter. Erfahren Sie alle Details \u00fcber den Lehrgang, die eidgen\u00f6ssische Pr\u00fcfung, die Stellenangebote, die Kosten und die Dauer.","og_url":"https:\/\/scf-5-sci-2025.hipdev.pro\/de\/business-ai-specialist-mit-eidgenoessischem-fachausweis\/business-ai-specialist-kursbroschuere\/","og_site_name":"Swiss Cyber Institute","article_publisher":"https:\/\/www.facebook.com\/swisscyberinstitute\/","article_modified_time":"2025-03-20T08:50:16+00:00","twitter_card":"summary_large_image","twitter_site":"@swisscyberinst","schema":{"@context":"https:\/\/schema.org","@graph":[{"@type":"WebPage","@id":"https:\/\/scf-5-sci-2025.hipdev.pro\/de\/business-ai-specialist-mit-eidgenoessischem-fachausweis\/business-ai-specialist-kursbroschuere\/","url":"https:\/\/scf-5-sci-2025.hipdev.pro\/de\/business-ai-specialist-mit-eidgenoessischem-fachausweis\/business-ai-specialist-kursbroschuere\/","name":"Kursbrosch\u00fcre f\u00fcr AI Business Specialist - Swiss Cyber Institute","isPartOf":{"@id":"https:\/\/scf-5-sci-2025.hipdev.pro\/de\/#website"},"datePublished":"2025-01-26T11:53:14+00:00","dateModified":"2025-03-20T08:50:16+00:00","description":"Laden Sie die Broch\u00fcre f\u00fcr AI Business Specialist herunter. Erfahren Sie alle Details \u00fcber den Lehrgang, die eidgen\u00f6ssische Pr\u00fcfung, die Stellenangebote, die Kosten und die Dauer.","breadcrumb":{"@id":"https:\/\/scf-5-sci-2025.hipdev.pro\/de\/business-ai-specialist-mit-eidgenoessischem-fachausweis\/business-ai-specialist-kursbroschuere\/#breadcrumb"},"inLanguage":"de","potentialAction":[{"@type":"ReadAction","target":["https:\/\/scf-5-sci-2025.hipdev.pro\/de\/business-ai-specialist-mit-eidgenoessischem-fachausweis\/business-ai-specialist-kursbroschuere\/"]}]},{"@type":"BreadcrumbList","@id":"https:\/\/scf-5-sci-2025.hipdev.pro\/de\/business-ai-specialist-mit-eidgenoessischem-fachausweis\/business-ai-specialist-kursbroschuere\/#breadcrumb","itemListElement":[{"@type":"ListItem","position":1,"name":"Home","item":"https:\/\/scf-5-sci-2025.hipdev.pro\/de\/"},{"@type":"ListItem","position":2,"name":"AI Business Specialist mit eidgen\u00f6ssischem Fachausweis","item":"https:\/\/scf-5-sci-2025.hipdev.pro\/de\/ai-business-specialist-training\/"},{"@type":"ListItem","position":3,"name":"Kursbrosch\u00fcre f\u00fcr AI Business Specialist"}]},{"@type":"WebSite","@id":"https:\/\/scf-5-sci-2025.hipdev.pro\/de\/#website","url":"https:\/\/scf-5-sci-2025.hipdev.pro\/de\/","name":"Swiss Cyber Institute","description":"Cybersecurity and AI education center","publisher":{"@id":"https:\/\/scf-5-sci-2025.hipdev.pro\/de\/#organization"},"potentialAction":[{"@type":"SearchAction","target":{"@type":"EntryPoint","urlTemplate":"https:\/\/scf-5-sci-2025.hipdev.pro\/de\/?s={search_term_string}"},"query-input":{"@type":"PropertyValueSpecification","valueRequired":true,"valueName":"search_term_string"}}],"inLanguage":"de"},{"@type":"Organization","@id":"https:\/\/scf-5-sci-2025.hipdev.pro\/de\/#organization","name":"Swiss Cyber Institute","url":"https:\/\/scf-5-sci-2025.hipdev.pro\/de\/","logo":{"@type":"ImageObject","inLanguage":"de","@id":"https:\/\/scf-5-sci-2025.hipdev.pro\/de\/#\/schema\/logo\/image\/","url":"https:\/\/scf-5-sci-2025.hipdev.pro\/wp-content\/uploads\/2020\/01\/Favicon-PNG.png","contentUrl":"https:\/\/scf-5-sci-2025.hipdev.pro\/wp-content\/uploads\/2020\/01\/Favicon-PNG.png","width":500,"height":500,"caption":"Swiss Cyber Institute"},"image":{"@id":"https:\/\/scf-5-sci-2025.hipdev.pro\/de\/#\/schema\/logo\/image\/"},"sameAs":["https:\/\/www.facebook.com\/swisscyberinstitute\/","https:\/\/x.com\/swisscyberinst"]}]}},"_links":{"self":[{"href":"https:\/\/scf-5-sci-2025.hipdev.pro\/de\/wp-json\/wp\/v2\/pages\/26731","targetHints":{"allow":["GET"]}}],"collection":[{"href":"https:\/\/scf-5-sci-2025.hipdev.pro\/de\/wp-json\/wp\/v2\/pages"}],"about":[{"href":"https:\/\/scf-5-sci-2025.hipdev.pro\/de\/wp-json\/wp\/v2\/types\/page"}],"author":[{"embeddable":true,"href":"https:\/\/scf-5-sci-2025.hipdev.pro\/de\/wp-json\/wp\/v2\/users\/189"}],"replies":[{"embeddable":true,"href":"https:\/\/scf-5-sci-2025.hipdev.pro\/de\/wp-json\/wp\/v2\/comments?post=26731"}],"version-history":[{"count":0,"href":"https:\/\/scf-5-sci-2025.hipdev.pro\/de\/wp-json\/wp\/v2\/pages\/26731\/revisions"}],"up":[{"embeddable":true,"href":"https:\/\/scf-5-sci-2025.hipdev.pro\/de\/wp-json\/wp\/v2\/pages\/26729"}],"wp:attachment":[{"href":"https:\/\/scf-5-sci-2025.hipdev.pro\/de\/wp-json\/wp\/v2\/media?parent=26731"}],"curies":[{"name":"wp","href":"https:\/\/api.w.org\/{rel}","templated":true}]}}