{"id":26887,"date":"2024-07-05T13:45:33","date_gmt":"2024-07-05T11:45:33","guid":{"rendered":"https:\/\/scf-5-sci-2025.hipdev.pro\/cybersecurity-kompetenzbewertung\/"},"modified":"2025-02-12T16:42:51","modified_gmt":"2025-02-12T15:42:51","slug":"cybersecurity-kompetenzbewertung","status":"publish","type":"page","link":"https:\/\/scf-5-sci-2025.hipdev.pro\/de\/cybersecurity-kompetenzbewertung\/","title":{"rendered":"Cybersecurity Kompetenzbewertung"},"content":{"rendered":"\n<h1>\n\t\tSECURITY KOMPETENZ- BEWERTUNG\n\t<\/h1>\n\t<p><em>M\u00f6chten Sie die Abwehrkr\u00e4fte Ihres Unternehmens st\u00e4rken, indem Sie die L\u00fccken in den Bereichen Cybersicherheit, IT, OT und Software-Sicherheit in Ihrem Team identifizieren und schliessen?<\/em><\/p>\n\t\t\t\t<img loading=\"lazy\" decoding=\"async\" src=\"https:\/\/scf-5-sci-2025.hipdev.pro\/wp-content\/uploads\/2024\/07\/Security-Skills-Assessment.png\" alt=\"Security Skills Assessment\" itemprop=\"image\" height=\"2000\" width=\"1414\" title=\"Security Skills Assessment\" onerror=\"this.style.display='none'\"  \/>\n<h2>\n\t\tWorum es geht\n\t<\/h2>\n\t<p>Das Swiss Cyber Institute bietet einen spezialisierten Service zur Bewertung von Sicherheitskompetenzen an, der auf Unternehmen zugeschnitten ist, die Sicherheitsrisiken mindern, die Einhaltung von Vorschriften unterst\u00fctzen und sich einen Wettbewerbsvorteil verschaffen wollen, indem sie die Kompetenzen und die Bereitschaft ihrer Teams in den Bereichen Cybersecurity, IT, OT (Operational Technology) und Softwareentwicklung verbessern. Unser massgeschneiderter Service ist darauf ausgerichtet, die aktuellen Sicherheitskompetenzen Ihres Unternehmens zu bewerten, kritische L\u00fccken in den Cybersecurity-F\u00e4higkeiten zu identifizieren und einen umsetzbaren Schulungsplan zu erstellen, um Ihre Sicherheitslage auf branchenf\u00fchrende Standards zu heben.<\/p>\n<h2>\n\t\tBrosch\u00fcre herunterladen\n\t<\/h2>\n<h2>\n\t\tWie es funktioniert\n\t<\/h2>\n\t\t\t\t<img loading=\"lazy\" decoding=\"async\" src=\"https:\/\/scf-5-sci-2025.hipdev.pro\/wp-content\/uploads\/\/2021\/07\/icon.svg\" alt=\"icon\" itemprop=\"image\" height=\"77\" width=\"77\" title=\"icon\" onerror=\"this.style.display='none'\"  \/>\n<h2>\n\t\tBeantragung\n\t<\/h2>\n\t<p><strong>Geben Sie Teamdetails an<\/strong>: Geben Sie Informationen \u00fcber die Rollen, Berufsbezeichnungen und Sicherheitsanforderungen Ihres Teams an.<\/p>\n<p><strong>Setzen Sie Ziele<\/strong>: Teilen Sie uns Ihre spezifischen Sicherheitsziele und etwaige Fristen mit.<\/p>\n\t\t\t\t<img loading=\"lazy\" decoding=\"async\" src=\"https:\/\/scf-5-sci-2025.hipdev.pro\/wp-content\/uploads\/\/2021\/07\/Group-1.svg\" alt=\"Group 1\" itemprop=\"image\" height=\"77\" width=\"77\" title=\"Group 1\" onerror=\"this.style.display='none'\"  \/>\n<h2>\n\t\tBewertung\n\t<\/h2>\n\t<p><strong>Massgeschneiderte Einrichtung:<\/strong> Wir erstellen eine individuelle Bewertung auf der Grundlage der Aufgaben Ihres Teams.<\/p>\n<p><strong>Bewertung der Kompetenzen<\/strong>: Ihr Team absolviert praktische Tests in unseren Labors f\u00fcr ethisches Hacken.<\/p>\n\t\t\t\t<img loading=\"lazy\" decoding=\"async\" src=\"https:\/\/scf-5-sci-2025.hipdev.pro\/wp-content\/uploads\/\/2021\/07\/icon-1.svg\" alt=\"icon (1)\" itemprop=\"image\" height=\"77\" width=\"77\" title=\"icon (1)\" onerror=\"this.style.display='none'\"  \/>\n<h2>\n\t\tBerichterstattung\n\t<\/h2>\n\t<p><strong>L\u00fcckenanalyse-Bericht<\/strong>: Sie erhalten einen detaillierten Bericht, der die Qualifikationsl\u00fccken Ihres Teams aufzeigt.<\/p>\n<p><strong>Entwicklungsplan<\/strong>: Erhalten Sie massgeschneiderte Schulungspl\u00e4ne, um die Kompetenzen Ihres Teams zu verbessern.<\/p>\n<h2>\n\t\tKatalog der Berufsprofile\n\t<\/h2>\n\t<p>Vor Beginn der Schulung bieten wir ein umfassendes <strong>Kompetenzassessment<\/strong> an, um die Kenntnisse, das Fachwissen und die spezifischen Verbesserungsbereiche Ihres Teams besser zu verstehen. Dieses Skills Assessment basiert auf den Schulungsprinzipien des NIST Cybersecurity NICE Framework. Das NICE-Framework bietet eine Reihe von Bausteinen zur Beschreibung der Aufgaben, Kenntnisse und F\u00e4higkeiten, die f\u00fcr die Durchf\u00fchrung von Cybersicherheitsarbeiten erforderlich sind.  <\/p>\n<h2>\n\t\tKONTAKTIEREN SIE UNS NOCH HEUTE F\u00dcR DIE MASSGESCHNEIDERTE BEWERTUNG \n\t<\/h2>\n<h2>\n\t\tWAS UNSEREN SERVICE EINZIGARTIG MACHT\n\t<\/h2>\n\t<p><strong>1. Massgeschneiderte Bewertungsmethodik<\/strong>: Unser Service ist speziell auf die spezifischen Aufgaben und Verantwortlichkeiten Ihres Unternehmens zugeschnitten. Wir f\u00fchren praktische Bewertungen in hochmodernen Laboren f\u00fcr ethisches Hacken auf der Grundlage des NICE-Frameworks von NIST durch.<\/p>\n<p><strong>2. Detaillierte Berichte zur L\u00fcckenbewertung<\/strong>: Wir liefern umfassende Beurteilungsberichte, die einen klaren \u00dcberblick \u00fcber die aktuellen Kompetenzen Ihres Teams geben und genaue Qualifikationsl\u00fccken aufzeigen.<\/p>\n<p><strong>3. Pl\u00e4ne zur beruflichen Entwicklung<\/strong>: Wir bieten massgeschneiderte, rollenspezifische Pl\u00e4ne f\u00fcr die berufliche Entwicklung, die Ziele, Aktionsschritte, Ressourcen und Zeitpl\u00e4ne f\u00fcr die Verbesserung der F\u00e4higkeiten enthalten.<\/p>\n\n","protected":false},"excerpt":{"rendered":"<p>SECURITY KOMPETENZ- BEWERTUNG M\u00f6chten Sie die Abwehrkr\u00e4fte Ihres Unternehmens st\u00e4rken, indem Sie die L\u00fccken in den Bereichen Cybersicherheit, IT, OT&#8230;<\/p>\n","protected":false},"author":189,"featured_media":23803,"parent":0,"menu_order":0,"comment_status":"closed","ping_status":"closed","template":"","meta":{"_acf_changed":false,"content-type":"","inline_featured_image":false,"footnotes":""},"class_list":["post-26887","page","type-page","status-publish","has-post-thumbnail","hentry"],"acf":[],"yoast_head":"<!-- This site is optimized with the Yoast SEO Premium plugin v25.4 (Yoast SEO v27.4) - https:\/\/yoast.com\/product\/yoast-seo-premium-wordpress\/ -->\n<title>Cybersecurity Kompetenzbewertung - Swiss Cyber Institute<\/title>\n<meta name=\"description\" content=\"Bewertung und Ermittlung der spezifischen Security Kompetenz- und Wissensl\u00fccken innerhalb Ihres Teams.\" \/>\n<meta name=\"robots\" content=\"index, follow, max-snippet:-1, max-image-preview:large, max-video-preview:-1\" \/>\n<link rel=\"canonical\" href=\"https:\/\/scf-5-sci-2025.hipdev.pro\/de\/cybersecurity-kompetenzbewertung\/\" \/>\n<meta property=\"og:locale\" content=\"de_DE\" \/>\n<meta property=\"og:type\" content=\"article\" \/>\n<meta property=\"og:title\" content=\"Cybersecurity Kompetenzbewertung\" \/>\n<meta property=\"og:description\" content=\"Bewertung und Ermittlung der spezifischen Security Kompetenz- und Wissensl\u00fccken innerhalb Ihres Teams.\" \/>\n<meta property=\"og:url\" content=\"https:\/\/scf-5-sci-2025.hipdev.pro\/de\/cybersecurity-kompetenzbewertung\/\" \/>\n<meta property=\"og:site_name\" content=\"Swiss Cyber Institute\" \/>\n<meta property=\"article:publisher\" content=\"https:\/\/www.facebook.com\/swisscyberinstitute\/\" \/>\n<meta property=\"article:modified_time\" content=\"2025-02-12T15:42:51+00:00\" \/>\n<meta property=\"og:image\" content=\"https:\/\/scf-5-sci-2025.hipdev.pro\/wp-content\/uploads\/2021\/10\/1.png\" \/>\n\t<meta property=\"og:image:width\" content=\"1500\" \/>\n\t<meta property=\"og:image:height\" content=\"1500\" \/>\n\t<meta property=\"og:image:type\" content=\"image\/png\" \/>\n<meta name=\"twitter:card\" content=\"summary_large_image\" \/>\n<meta name=\"twitter:site\" content=\"@swisscyberinst\" \/>\n<meta name=\"twitter:label1\" content=\"Gesch\u00e4tzte Lesezeit\" \/>\n\t<meta name=\"twitter:data1\" content=\"2\u00a0Minuten\" \/>\n<script type=\"application\/ld+json\" class=\"yoast-schema-graph\">{\"@context\":\"https:\\\/\\\/schema.org\",\"@graph\":[{\"@type\":\"WebPage\",\"@id\":\"https:\\\/\\\/scf-5-sci-2025.hipdev.pro\\\/de\\\/cybersecurity-kompetenzbewertung\\\/\",\"url\":\"https:\\\/\\\/scf-5-sci-2025.hipdev.pro\\\/de\\\/cybersecurity-kompetenzbewertung\\\/\",\"name\":\"Cybersecurity Kompetenzbewertung - Swiss Cyber Institute\",\"isPartOf\":{\"@id\":\"https:\\\/\\\/scf-5-sci-2025.hipdev.pro\\\/de\\\/#website\"},\"primaryImageOfPage\":{\"@id\":\"https:\\\/\\\/scf-5-sci-2025.hipdev.pro\\\/de\\\/cybersecurity-kompetenzbewertung\\\/#primaryimage\"},\"image\":{\"@id\":\"https:\\\/\\\/scf-5-sci-2025.hipdev.pro\\\/de\\\/cybersecurity-kompetenzbewertung\\\/#primaryimage\"},\"thumbnailUrl\":\"https:\\\/\\\/scf-5-sci-2025.hipdev.pro\\\/wp-content\\\/uploads\\\/2021\\\/10\\\/1.png\",\"datePublished\":\"2024-07-05T11:45:33+00:00\",\"dateModified\":\"2025-02-12T15:42:51+00:00\",\"description\":\"Bewertung und Ermittlung der spezifischen Security Kompetenz- und Wissensl\u00fccken innerhalb Ihres Teams.\",\"breadcrumb\":{\"@id\":\"https:\\\/\\\/scf-5-sci-2025.hipdev.pro\\\/de\\\/cybersecurity-kompetenzbewertung\\\/#breadcrumb\"},\"inLanguage\":\"de\",\"potentialAction\":[{\"@type\":\"ReadAction\",\"target\":[\"https:\\\/\\\/scf-5-sci-2025.hipdev.pro\\\/de\\\/cybersecurity-kompetenzbewertung\\\/\"]}]},{\"@type\":\"ImageObject\",\"inLanguage\":\"de\",\"@id\":\"https:\\\/\\\/scf-5-sci-2025.hipdev.pro\\\/de\\\/cybersecurity-kompetenzbewertung\\\/#primaryimage\",\"url\":\"https:\\\/\\\/scf-5-sci-2025.hipdev.pro\\\/wp-content\\\/uploads\\\/2021\\\/10\\\/1.png\",\"contentUrl\":\"https:\\\/\\\/scf-5-sci-2025.hipdev.pro\\\/wp-content\\\/uploads\\\/2021\\\/10\\\/1.png\",\"width\":1500,\"height\":1500,\"caption\":\"Swiss Cyber Institute\"},{\"@type\":\"BreadcrumbList\",\"@id\":\"https:\\\/\\\/scf-5-sci-2025.hipdev.pro\\\/de\\\/cybersecurity-kompetenzbewertung\\\/#breadcrumb\",\"itemListElement\":[{\"@type\":\"ListItem\",\"position\":1,\"name\":\"Home\",\"item\":\"https:\\\/\\\/scf-5-sci-2025.hipdev.pro\\\/de\\\/\"},{\"@type\":\"ListItem\",\"position\":2,\"name\":\"Cybersecurity Kompetenzbewertung\"}]},{\"@type\":\"WebSite\",\"@id\":\"https:\\\/\\\/scf-5-sci-2025.hipdev.pro\\\/de\\\/#website\",\"url\":\"https:\\\/\\\/scf-5-sci-2025.hipdev.pro\\\/de\\\/\",\"name\":\"Swiss Cyber Institute\",\"description\":\"Cybersecurity and AI education center\",\"publisher\":{\"@id\":\"https:\\\/\\\/scf-5-sci-2025.hipdev.pro\\\/de\\\/#organization\"},\"potentialAction\":[{\"@type\":\"SearchAction\",\"target\":{\"@type\":\"EntryPoint\",\"urlTemplate\":\"https:\\\/\\\/scf-5-sci-2025.hipdev.pro\\\/de\\\/?s={search_term_string}\"},\"query-input\":{\"@type\":\"PropertyValueSpecification\",\"valueRequired\":true,\"valueName\":\"search_term_string\"}}],\"inLanguage\":\"de\"},{\"@type\":\"Organization\",\"@id\":\"https:\\\/\\\/scf-5-sci-2025.hipdev.pro\\\/de\\\/#organization\",\"name\":\"Swiss Cyber Institute\",\"url\":\"https:\\\/\\\/scf-5-sci-2025.hipdev.pro\\\/de\\\/\",\"logo\":{\"@type\":\"ImageObject\",\"inLanguage\":\"de\",\"@id\":\"https:\\\/\\\/scf-5-sci-2025.hipdev.pro\\\/de\\\/#\\\/schema\\\/logo\\\/image\\\/\",\"url\":\"https:\\\/\\\/scf-5-sci-2025.hipdev.pro\\\/wp-content\\\/uploads\\\/2020\\\/01\\\/Favicon-PNG.png\",\"contentUrl\":\"https:\\\/\\\/scf-5-sci-2025.hipdev.pro\\\/wp-content\\\/uploads\\\/2020\\\/01\\\/Favicon-PNG.png\",\"width\":500,\"height\":500,\"caption\":\"Swiss Cyber Institute\"},\"image\":{\"@id\":\"https:\\\/\\\/scf-5-sci-2025.hipdev.pro\\\/de\\\/#\\\/schema\\\/logo\\\/image\\\/\"},\"sameAs\":[\"https:\\\/\\\/www.facebook.com\\\/swisscyberinstitute\\\/\",\"https:\\\/\\\/x.com\\\/swisscyberinst\"]}]}<\/script>\n<!-- \/ Yoast SEO Premium plugin. -->","yoast_head_json":{"title":"Cybersecurity Kompetenzbewertung - Swiss Cyber Institute","description":"Bewertung und Ermittlung der spezifischen Security Kompetenz- und Wissensl\u00fccken innerhalb Ihres Teams.","robots":{"index":"index","follow":"follow","max-snippet":"max-snippet:-1","max-image-preview":"max-image-preview:large","max-video-preview":"max-video-preview:-1"},"canonical":"https:\/\/scf-5-sci-2025.hipdev.pro\/de\/cybersecurity-kompetenzbewertung\/","og_locale":"de_DE","og_type":"article","og_title":"Cybersecurity Kompetenzbewertung","og_description":"Bewertung und Ermittlung der spezifischen Security Kompetenz- und Wissensl\u00fccken innerhalb Ihres Teams.","og_url":"https:\/\/scf-5-sci-2025.hipdev.pro\/de\/cybersecurity-kompetenzbewertung\/","og_site_name":"Swiss Cyber Institute","article_publisher":"https:\/\/www.facebook.com\/swisscyberinstitute\/","article_modified_time":"2025-02-12T15:42:51+00:00","og_image":[{"width":1500,"height":1500,"url":"https:\/\/scf-5-sci-2025.hipdev.pro\/wp-content\/uploads\/2021\/10\/1.png","type":"image\/png"}],"twitter_card":"summary_large_image","twitter_site":"@swisscyberinst","twitter_misc":{"Gesch\u00e4tzte Lesezeit":"2\u00a0Minuten"},"schema":{"@context":"https:\/\/schema.org","@graph":[{"@type":"WebPage","@id":"https:\/\/scf-5-sci-2025.hipdev.pro\/de\/cybersecurity-kompetenzbewertung\/","url":"https:\/\/scf-5-sci-2025.hipdev.pro\/de\/cybersecurity-kompetenzbewertung\/","name":"Cybersecurity Kompetenzbewertung - Swiss Cyber Institute","isPartOf":{"@id":"https:\/\/scf-5-sci-2025.hipdev.pro\/de\/#website"},"primaryImageOfPage":{"@id":"https:\/\/scf-5-sci-2025.hipdev.pro\/de\/cybersecurity-kompetenzbewertung\/#primaryimage"},"image":{"@id":"https:\/\/scf-5-sci-2025.hipdev.pro\/de\/cybersecurity-kompetenzbewertung\/#primaryimage"},"thumbnailUrl":"https:\/\/scf-5-sci-2025.hipdev.pro\/wp-content\/uploads\/2021\/10\/1.png","datePublished":"2024-07-05T11:45:33+00:00","dateModified":"2025-02-12T15:42:51+00:00","description":"Bewertung und Ermittlung der spezifischen Security Kompetenz- und Wissensl\u00fccken innerhalb Ihres Teams.","breadcrumb":{"@id":"https:\/\/scf-5-sci-2025.hipdev.pro\/de\/cybersecurity-kompetenzbewertung\/#breadcrumb"},"inLanguage":"de","potentialAction":[{"@type":"ReadAction","target":["https:\/\/scf-5-sci-2025.hipdev.pro\/de\/cybersecurity-kompetenzbewertung\/"]}]},{"@type":"ImageObject","inLanguage":"de","@id":"https:\/\/scf-5-sci-2025.hipdev.pro\/de\/cybersecurity-kompetenzbewertung\/#primaryimage","url":"https:\/\/scf-5-sci-2025.hipdev.pro\/wp-content\/uploads\/2021\/10\/1.png","contentUrl":"https:\/\/scf-5-sci-2025.hipdev.pro\/wp-content\/uploads\/2021\/10\/1.png","width":1500,"height":1500,"caption":"Swiss Cyber Institute"},{"@type":"BreadcrumbList","@id":"https:\/\/scf-5-sci-2025.hipdev.pro\/de\/cybersecurity-kompetenzbewertung\/#breadcrumb","itemListElement":[{"@type":"ListItem","position":1,"name":"Home","item":"https:\/\/scf-5-sci-2025.hipdev.pro\/de\/"},{"@type":"ListItem","position":2,"name":"Cybersecurity Kompetenzbewertung"}]},{"@type":"WebSite","@id":"https:\/\/scf-5-sci-2025.hipdev.pro\/de\/#website","url":"https:\/\/scf-5-sci-2025.hipdev.pro\/de\/","name":"Swiss Cyber Institute","description":"Cybersecurity and AI education center","publisher":{"@id":"https:\/\/scf-5-sci-2025.hipdev.pro\/de\/#organization"},"potentialAction":[{"@type":"SearchAction","target":{"@type":"EntryPoint","urlTemplate":"https:\/\/scf-5-sci-2025.hipdev.pro\/de\/?s={search_term_string}"},"query-input":{"@type":"PropertyValueSpecification","valueRequired":true,"valueName":"search_term_string"}}],"inLanguage":"de"},{"@type":"Organization","@id":"https:\/\/scf-5-sci-2025.hipdev.pro\/de\/#organization","name":"Swiss Cyber Institute","url":"https:\/\/scf-5-sci-2025.hipdev.pro\/de\/","logo":{"@type":"ImageObject","inLanguage":"de","@id":"https:\/\/scf-5-sci-2025.hipdev.pro\/de\/#\/schema\/logo\/image\/","url":"https:\/\/scf-5-sci-2025.hipdev.pro\/wp-content\/uploads\/2020\/01\/Favicon-PNG.png","contentUrl":"https:\/\/scf-5-sci-2025.hipdev.pro\/wp-content\/uploads\/2020\/01\/Favicon-PNG.png","width":500,"height":500,"caption":"Swiss Cyber Institute"},"image":{"@id":"https:\/\/scf-5-sci-2025.hipdev.pro\/de\/#\/schema\/logo\/image\/"},"sameAs":["https:\/\/www.facebook.com\/swisscyberinstitute\/","https:\/\/x.com\/swisscyberinst"]}]}},"_links":{"self":[{"href":"https:\/\/scf-5-sci-2025.hipdev.pro\/de\/wp-json\/wp\/v2\/pages\/26887","targetHints":{"allow":["GET"]}}],"collection":[{"href":"https:\/\/scf-5-sci-2025.hipdev.pro\/de\/wp-json\/wp\/v2\/pages"}],"about":[{"href":"https:\/\/scf-5-sci-2025.hipdev.pro\/de\/wp-json\/wp\/v2\/types\/page"}],"author":[{"embeddable":true,"href":"https:\/\/scf-5-sci-2025.hipdev.pro\/de\/wp-json\/wp\/v2\/users\/189"}],"replies":[{"embeddable":true,"href":"https:\/\/scf-5-sci-2025.hipdev.pro\/de\/wp-json\/wp\/v2\/comments?post=26887"}],"version-history":[{"count":0,"href":"https:\/\/scf-5-sci-2025.hipdev.pro\/de\/wp-json\/wp\/v2\/pages\/26887\/revisions"}],"wp:featuredmedia":[{"embeddable":true,"href":"https:\/\/scf-5-sci-2025.hipdev.pro\/de\/wp-json\/wp\/v2\/media\/23803"}],"wp:attachment":[{"href":"https:\/\/scf-5-sci-2025.hipdev.pro\/de\/wp-json\/wp\/v2\/media?parent=26887"}],"curies":[{"name":"wp","href":"https:\/\/api.w.org\/{rel}","templated":true}]}}